{"id":201,"date":"2022-05-26T13:18:01","date_gmt":"2022-05-26T13:18:01","guid":{"rendered":"https:\/\/anadirobtic.com\/es\/politica-de-privacidade\/"},"modified":"2024-11-28T09:33:47","modified_gmt":"2024-11-28T09:33:47","slug":"politica-de-privacidad","status":"publish","type":"page","link":"https:\/\/anadirobtic.com\/es\/politica-de-privacidad\/","title":{"rendered":"Pol\u00edtica de Privacidad"},"content":{"rendered":"\t\t<div data-elementor-type=\"wp-page\" data-elementor-id=\"201\" class=\"elementor elementor-201\" data-elementor-post-type=\"page\">\n\t\t\t\t\t\t<section class=\"elementor-section elementor-top-section elementor-element elementor-element-54512ae9 elementor-section-boxed elementor-section-height-default elementor-section-height-default\" data-id=\"54512ae9\" data-element_type=\"section\" data-e-type=\"section\" data-settings=\"{&quot;background_background&quot;:&quot;classic&quot;}\">\n\t\t\t\t\t\t<div class=\"elementor-container elementor-column-gap-default\">\n\t\t\t\t\t<div class=\"elementor-column elementor-col-100 elementor-top-column elementor-element elementor-element-7976de03\" data-id=\"7976de03\" data-element_type=\"column\" data-e-type=\"column\">\n\t\t\t<div class=\"elementor-widget-wrap elementor-element-populated\">\n\t\t\t\t\t\t<div class=\"elementor-element elementor-element-5206555e elementor-widget elementor-widget-heading\" data-id=\"5206555e\" data-element_type=\"widget\" data-e-type=\"widget\" data-widget_type=\"heading.default\">\n\t\t\t\t<div class=\"elementor-widget-container\">\n\t\t\t\t\t<h2 class=\"elementor-heading-title elementor-size-default\">Pol\u00edtica de Privacidad<\/h2>\t\t\t\t<\/div>\n\t\t\t\t<\/div>\n\t\t\t\t<div class=\"elementor-element elementor-element-1d4533f0 elementor-widget elementor-widget-text-editor\" data-id=\"1d4533f0\" data-element_type=\"widget\" data-e-type=\"widget\" data-widget_type=\"text-editor.default\">\n\t\t\t\t<div class=\"elementor-widget-container\">\n\t\t\t\t\t\t\t\t\t<p>La protecci\u00f3n de la privacidad y de los datos personales es una prioridad para Anadirobtic \u2013 Rob\u00f3tica, Automa\u00e7\u00e3o, Projecto e Instala\u00e7\u00f5es Lda. y un claro compromiso asumido por nosotros, por lo que estamos comprometidos a respetarlos y protegerlos, entendiendo las preocupaciones que pueda tener sobre la confidencialidad de la informaci\u00f3n y datos personales que nos transmite.<\/p><p>La presente pol\u00edtica de privacidad de nuestro sitio web le permite obtener informaci\u00f3n adicional sobre la naturaleza y el uso que hacemos de los datos personales que nos proporciona y sobre sus derechos.<\/p><p>Al enviar sus datos usted acepta nuestra pol\u00edtica de privacidad.<\/p><p>En cumplimiento de la Ley 58\/2019, del 8 de agosto, de Protecci\u00f3n de Datos Personales, le informamos que el tratamiento de los datos personales recogidos en el sitio web es nuestra responsabilidad.<\/p>\t\t\t\t\t\t\t\t<\/div>\n\t\t\t\t<\/div>\n\t\t\t\t<div class=\"elementor-element elementor-element-10553ef elementor-widget elementor-widget-text-editor\" data-id=\"10553ef\" data-element_type=\"widget\" data-e-type=\"widget\" data-widget_type=\"text-editor.default\">\n\t\t\t\t<div class=\"elementor-widget-container\">\n\t\t\t\t\t\t\t\t\t<p>1. Identidad y datos de contacto del responsable del tratamiento.<\/p>\t\t\t\t\t\t\t\t<\/div>\n\t\t\t\t<\/div>\n\t\t\t\t<div class=\"elementor-element elementor-element-49cf2ec0 elementor-widget elementor-widget-text-editor\" data-id=\"49cf2ec0\" data-element_type=\"widget\" data-e-type=\"widget\" data-widget_type=\"text-editor.default\">\n\t\t\t\t<div class=\"elementor-widget-container\">\n\t\t\t\t\t\t\t\t\t<p>Los datos recopilados en este sitio web son procesados por nosotros y la informaci\u00f3n recopilada es administrada y controlada exclusivamente por nosotros.<\/p><p>Ofrecemos garant\u00edas suficientes en cuanto a la protecci\u00f3n de sus datos personales, que se gestionan de acuerdo con la legislaci\u00f3n vigente, que establece la protecci\u00f3n de datos de la informaci\u00f3n personal, as\u00ed como la presente pol\u00edtica de privacidad.<\/p>\t\t\t\t\t\t\t\t<\/div>\n\t\t\t\t<\/div>\n\t\t\t\t<div class=\"elementor-element elementor-element-7eac9c6c elementor-widget elementor-widget-text-editor\" data-id=\"7eac9c6c\" data-element_type=\"widget\" data-e-type=\"widget\" data-widget_type=\"text-editor.default\">\n\t\t\t\t<div class=\"elementor-widget-container\">\n\t\t\t\t\t\t\t\t\t<p>2. Bases de legitimaci\u00f3n del tratamiento de datos<\/p>\t\t\t\t\t\t\t\t<\/div>\n\t\t\t\t<\/div>\n\t\t\t\t<div class=\"elementor-element elementor-element-537c1ae7 elementor-widget elementor-widget-text-editor\" data-id=\"537c1ae7\" data-element_type=\"widget\" data-e-type=\"widget\" data-widget_type=\"text-editor.default\">\n\t\t\t\t<div class=\"elementor-widget-container\">\n\t\t\t\t\t\t\t\t\t<p>A trav\u00e9s de este sitio, podemos recopilar datos personales, transmitidos a trav\u00e9s del formulario de contacto con su consentimiento.<\/p>\t\t\t\t\t\t\t\t<\/div>\n\t\t\t\t<\/div>\n\t\t\t\t<div class=\"elementor-element elementor-element-149ba76c elementor-widget elementor-widget-text-editor\" data-id=\"149ba76c\" data-element_type=\"widget\" data-e-type=\"widget\" data-widget_type=\"text-editor.default\">\n\t\t\t\t<div class=\"elementor-widget-container\">\n\t\t\t\t\t\t\t\t\t<p>3. Prop\u00f3sitos<\/p>\t\t\t\t\t\t\t\t<\/div>\n\t\t\t\t<\/div>\n\t\t\t\t<div class=\"elementor-element elementor-element-45bb7111 elementor-widget elementor-widget-text-editor\" data-id=\"45bb7111\" data-element_type=\"widget\" data-e-type=\"widget\" data-widget_type=\"text-editor.default\">\n\t\t\t\t<div class=\"elementor-widget-container\">\n\t\t\t\t\t\t\t\t\t<p>Sus datos se recopilan con el prop\u00f3sito de:<\/p><p>\u2013 Responder a sus preguntas a trav\u00e9s del formulario de contacto;<\/p><p>\u2013 Enviarle informaci\u00f3n sobre nuestras ofertas de productos y servicios, noticias y eventos (<em>newsletters<\/em>).<\/p>\t\t\t\t\t\t\t\t<\/div>\n\t\t\t\t<\/div>\n\t\t\t\t<div class=\"elementor-element elementor-element-733459ad elementor-widget elementor-widget-text-editor\" data-id=\"733459ad\" data-element_type=\"widget\" data-e-type=\"widget\" data-widget_type=\"text-editor.default\">\n\t\t\t\t<div class=\"elementor-widget-container\">\n\t\t\t\t\t\t\t\t\t<p>4. Plazo de conservaci\u00f3n de sus datos<\/p>\t\t\t\t\t\t\t\t<\/div>\n\t\t\t\t<\/div>\n\t\t\t\t<div class=\"elementor-element elementor-element-31cb3a8d elementor-widget elementor-widget-text-editor\" data-id=\"31cb3a8d\" data-element_type=\"widget\" data-e-type=\"widget\" data-widget_type=\"text-editor.default\">\n\t\t\t\t<div class=\"elementor-widget-container\">\n\t\t\t\t\t\t\t\t\t<p>Los datos recogidos y tratados a trav\u00e9s del formulario de contacto solo se conservar\u00e1n durante la tramitaci\u00f3n de su pedido y, despu\u00e9s de esa etapa, ser\u00e1n destruidos.<\/p>\t\t\t\t\t\t\t\t<\/div>\n\t\t\t\t<\/div>\n\t\t\t\t<div class=\"elementor-element elementor-element-52ccfd2a elementor-widget elementor-widget-text-editor\" data-id=\"52ccfd2a\" data-element_type=\"widget\" data-e-type=\"widget\" data-widget_type=\"text-editor.default\">\n\t\t\t\t<div class=\"elementor-widget-container\">\n\t\t\t\t\t\t\t\t\t<p>5. Destinatarios de los datos<\/p>\t\t\t\t\t\t\t\t<\/div>\n\t\t\t\t<\/div>\n\t\t\t\t<div class=\"elementor-element elementor-element-7794eba3 elementor-widget elementor-widget-text-editor\" data-id=\"7794eba3\" data-element_type=\"widget\" data-e-type=\"widget\" data-widget_type=\"text-editor.default\">\n\t\t\t\t<div class=\"elementor-widget-container\">\n\t\t\t\t\t\t\t\t\t<p>La informaci\u00f3n personal proporcionada se utiliza para que nuestra empresa pueda contactarlo y brindarle toda la informaci\u00f3n que solicite a trav\u00e9s de nuestro formulario de contacto.<\/p><p>Sus datos personales nunca se ceder\u00e1n a terceros, salvo en casos excepcionales, como por ejemplo, para cumplir con requisitos exigidos por la ley o por las autoridades competentes.<\/p>\t\t\t\t\t\t\t\t<\/div>\n\t\t\t\t<\/div>\n\t\t\t\t<div class=\"elementor-element elementor-element-6e564111 elementor-widget elementor-widget-text-editor\" data-id=\"6e564111\" data-element_type=\"widget\" data-e-type=\"widget\" data-widget_type=\"text-editor.default\">\n\t\t\t\t<div class=\"elementor-widget-container\">\n\t\t\t\t\t\t\t\t\t<p>6. Seguridad y confidencialidad de los datos<\/p>\t\t\t\t\t\t\t\t<\/div>\n\t\t\t\t<\/div>\n\t\t\t\t<div class=\"elementor-element elementor-element-3d9c8794 elementor-widget elementor-widget-text-editor\" data-id=\"3d9c8794\" data-element_type=\"widget\" data-e-type=\"widget\" data-widget_type=\"text-editor.default\">\n\t\t\t\t<div class=\"elementor-widget-container\">\n\t\t\t\t\t\t\t\t\t<p>Estamos enfocados en implementar todas las precauciones necesarias para preservar la confidencialidad y seguridad de sus datos personales.<\/p>\t\t\t\t\t\t\t\t<\/div>\n\t\t\t\t<\/div>\n\t\t\t\t<div class=\"elementor-element elementor-element-3201d3a3 elementor-widget elementor-widget-text-editor\" data-id=\"3201d3a3\" data-element_type=\"widget\" data-e-type=\"widget\" data-widget_type=\"text-editor.default\">\n\t\t\t\t<div class=\"elementor-widget-container\">\n\t\t\t\t\t\t\t\t\t<p>7. Sus derechos y c\u00f3mo puede acceder, rectificar u oponerse al tratamiento de sus datos personales.<\/p>\t\t\t\t\t\t\t\t<\/div>\n\t\t\t\t<\/div>\n\t\t\t\t<div class=\"elementor-element elementor-element-441c9ac elementor-widget elementor-widget-text-editor\" data-id=\"441c9ac\" data-element_type=\"widget\" data-e-type=\"widget\" data-widget_type=\"text-editor.default\">\n\t\t\t\t<div class=\"elementor-widget-container\">\n\t\t\t\t\t\t\t\t\t<p>En los t\u00e9rminos de la ley de protecci\u00f3n de datos personales, se garantiza al interesado el derecho a acceder, actualizar, rectificar o suprimir sus datos personales, lo que podr\u00e1 realizar a trav\u00e9s de los distintos contactos que colocamos a su disposici\u00f3n.<\/p><p>Para cualquier duda sobre la recogida y tratamiento de sus datos, cont\u00e1ctenos por correo electr\u00f3nico o a trav\u00e9s de nuestro tel\u00e9fono de contacto.<\/p>\t\t\t\t\t\t\t\t<\/div>\n\t\t\t\t<\/div>\n\t\t\t\t<div class=\"elementor-element elementor-element-28097272 elementor-widget elementor-widget-text-editor\" data-id=\"28097272\" data-element_type=\"widget\" data-e-type=\"widget\" data-widget_type=\"text-editor.default\">\n\t\t\t\t<div class=\"elementor-widget-container\">\n\t\t\t\t\t\t\t\t\t<p>8. Uso de datos<\/p>\t\t\t\t\t\t\t\t<\/div>\n\t\t\t\t<\/div>\n\t\t\t\t<div class=\"elementor-element elementor-element-6d30488e elementor-widget elementor-widget-text-editor\" data-id=\"6d30488e\" data-element_type=\"widget\" data-e-type=\"widget\" data-widget_type=\"text-editor.default\">\n\t\t\t\t<div class=\"elementor-widget-container\">\n\t\t\t\t\t\t\t\t\t<p>La informaci\u00f3n personal facilitada sirve para que nuestra empresa pueda contactarlo y facilitarle toda la informaci\u00f3n que usted solicite a trav\u00e9s de nuestro formulario de contacto, por lo que nos comprometemos a no transferir ni vender sus datos personales a terceros.<\/p>\t\t\t\t\t\t\t\t<\/div>\n\t\t\t\t<\/div>\n\t\t\t\t<div class=\"elementor-element elementor-element-5940179 elementor-widget elementor-widget-text-editor\" data-id=\"5940179\" data-element_type=\"widget\" data-e-type=\"widget\" data-widget_type=\"text-editor.default\">\n\t\t\t\t<div class=\"elementor-widget-container\">\n\t\t\t\t\t\t\t\t\t<p>9. C\u00f3mo usamos las \u201c<em>cookies<\/em>\u201d<\/p>\t\t\t\t\t\t\t\t<\/div>\n\t\t\t\t<\/div>\n\t\t\t\t<div class=\"elementor-element elementor-element-542743b4 elementor-widget elementor-widget-text-editor\" data-id=\"542743b4\" data-element_type=\"widget\" data-e-type=\"widget\" data-widget_type=\"text-editor.default\">\n\t\t\t\t<div class=\"elementor-widget-container\">\n\t\t\t\t\t\t\t\t\t<p>Las &#8220;<em>cookies<\/em>\u201d se almacenan en su computadora a trav\u00e9s del navegador (<em>browser<\/em>), conservando \u00fanicamente la informaci\u00f3n relacionada con sus preferencias, por lo que no incluye sus datos personales.<\/p><p>Informaci\u00f3n sobre las diversas<em> cookies<\/em> que utilizamos y el prop\u00f3sito de cada una:<\/p><p>\u2013 <strong><em>Cookies<\/em><\/strong><strong>\u00a0<\/strong><strong>estrictamente necesario:<\/strong> Permiten navegar por el sitio web y utiliza sus aplicaciones. Sin estas <em>cookies<\/em>, no se podr\u00e1n proporcionar los servicios que ha solicitado.<\/p><p><strong>\u2013 <\/strong><strong><em>Cookies<\/em><\/strong><strong>\u00a0<\/strong><strong>anal\u00edticas:<\/strong> Se utilizan de forma an\u00f3nima con la finalidad de elaborar y analizar estad\u00edsticas, para as\u00ed mejorar el funcionamiento del sitio web.<\/p><p><strong>\u2013 <\/strong><strong><em>Cookies<\/em><\/strong><strong>\u00a0<\/strong><strong>de funcionalidad<\/strong>: Guardan las preferencias del usuario respecto al uso del sitio web, por lo que no es necesario reconfigurar el sitio cada vez que lo visita.<\/p>\t\t\t\t\t\t\t\t<\/div>\n\t\t\t\t<\/div>\n\t\t\t\t<div class=\"elementor-element elementor-element-5bf25f90 elementor-widget elementor-widget-text-editor\" data-id=\"5bf25f90\" data-element_type=\"widget\" data-e-type=\"widget\" data-widget_type=\"text-editor.default\">\n\t\t\t\t<div class=\"elementor-widget-container\">\n\t\t\t\t\t\t\t\t\t<p>10. Contactos<\/p>\t\t\t\t\t\t\t\t<\/div>\n\t\t\t\t<\/div>\n\t\t\t\t<div class=\"elementor-element elementor-element-132a83e5 elementor-widget elementor-widget-text-editor\" data-id=\"132a83e5\" data-element_type=\"widget\" data-e-type=\"widget\" data-widget_type=\"text-editor.default\">\n\t\t\t\t<div class=\"elementor-widget-container\">\n\t\t\t\t\t\t\t\t\t<p>Si necesita m\u00e1s informaci\u00f3n, cont\u00e1ctenos a trav\u00e9s del siguiente correo electr\u00f3nico: geral@anadirobtic.com<\/p>\t\t\t\t\t\t\t\t<\/div>\n\t\t\t\t<\/div>\n\t\t\t\t\t<\/div>\n\t\t<\/div>\n\t\t\t\t\t<\/div>\n\t\t<\/section>\n\t\t\t\t<section class=\"elementor-section elementor-top-section elementor-element elementor-element-32b40462 elementor-section-boxed elementor-section-height-default elementor-section-height-default\" data-id=\"32b40462\" data-element_type=\"section\" data-e-type=\"section\">\n\t\t\t\t\t\t<div class=\"elementor-container elementor-column-gap-default\">\n\t\t\t\t\t<div class=\"elementor-column elementor-col-100 elementor-top-column elementor-element elementor-element-7bdbe870\" data-id=\"7bdbe870\" data-element_type=\"column\" data-e-type=\"column\">\n\t\t\t<div class=\"elementor-widget-wrap elementor-element-populated\">\n\t\t\t\t\t\t<div class=\"elementor-element elementor-element-7dfbf897 elementor-shape-square elementor-grid-1 e-grid-align-right elementor-widget__width-auto elementor-fixed elementor-widget elementor-widget-social-icons\" data-id=\"7dfbf897\" data-element_type=\"widget\" data-e-type=\"widget\" data-settings=\"{&quot;_position&quot;:&quot;fixed&quot;}\" data-widget_type=\"social-icons.default\">\n\t\t\t\t<div class=\"elementor-widget-container\">\n\t\t\t\t\t\t\t<div class=\"elementor-social-icons-wrapper elementor-grid\" role=\"list\">\n\t\t\t\t\t\t\t<span class=\"elementor-grid-item\" role=\"listitem\">\n\t\t\t\t\t<a class=\"elementor-icon elementor-social-icon elementor-social-icon-facebook elementor-repeater-item-1a3514e\" target=\"_blank\">\n\t\t\t\t\t\t<span class=\"elementor-screen-only\">Facebook<\/span>\n\t\t\t\t\t\t<i aria-hidden=\"true\" class=\"fab fa-facebook\"><\/i>\t\t\t\t\t<\/a>\n\t\t\t\t<\/span>\n\t\t\t\t\t\t\t<span class=\"elementor-grid-item\" role=\"listitem\">\n\t\t\t\t\t<a class=\"elementor-icon elementor-social-icon elementor-social-icon-instagram elementor-repeater-item-a5931ee\" target=\"_blank\">\n\t\t\t\t\t\t<span class=\"elementor-screen-only\">Instagram<\/span>\n\t\t\t\t\t\t<i aria-hidden=\"true\" class=\"fab fa-instagram\"><\/i>\t\t\t\t\t<\/a>\n\t\t\t\t<\/span>\n\t\t\t\t\t\t\t<span class=\"elementor-grid-item\" role=\"listitem\">\n\t\t\t\t\t<a class=\"elementor-icon elementor-social-icon elementor-social-icon-linkedin elementor-repeater-item-34e83d2\" target=\"_blank\">\n\t\t\t\t\t\t<span class=\"elementor-screen-only\">Linkedin<\/span>\n\t\t\t\t\t\t<i aria-hidden=\"true\" class=\"fab fa-linkedin\"><\/i>\t\t\t\t\t<\/a>\n\t\t\t\t<\/span>\n\t\t\t\t\t\t\t<span class=\"elementor-grid-item\" role=\"listitem\">\n\t\t\t\t\t<a class=\"elementor-icon elementor-social-icon elementor-social-icon-youtube elementor-repeater-item-2317412\" target=\"_blank\">\n\t\t\t\t\t\t<span class=\"elementor-screen-only\">Youtube<\/span>\n\t\t\t\t\t\t<i aria-hidden=\"true\" class=\"fab fa-youtube\"><\/i>\t\t\t\t\t<\/a>\n\t\t\t\t<\/span>\n\t\t\t\t\t<\/div>\n\t\t\t\t\t\t<\/div>\n\t\t\t\t<\/div>\n\t\t\t\t\t<\/div>\n\t\t<\/div>\n\t\t\t\t\t<\/div>\n\t\t<\/section>\n\t\t\t\t<\/div>\n\t\t","protected":false},"excerpt":{"rendered":"<p>Pol\u00edtica de Privacidad La protecci\u00f3n de la privacidad y de los datos personales es una prioridad para Anadirobtic \u2013 Rob\u00f3tica, Automa\u00e7\u00e3o, Projecto e Instala\u00e7\u00f5es Lda. y un claro compromiso asumido por nosotros, por lo que estamos comprometidos a respetarlos y protegerlos, entendiendo las preocupaciones que pueda tener sobre la confidencialidad de la informaci\u00f3n y datos [&hellip;]<\/p>\n","protected":false},"author":1,"featured_media":0,"parent":0,"menu_order":0,"comment_status":"closed","ping_status":"closed","template":"elementor_header_footer","meta":{"content-type":"","footnotes":""},"class_list":["post-201","page","type-page","status-publish","hentry"],"_links":{"self":[{"href":"https:\/\/anadirobtic.com\/es\/wp-json\/wp\/v2\/pages\/201","targetHints":{"allow":["GET"]}}],"collection":[{"href":"https:\/\/anadirobtic.com\/es\/wp-json\/wp\/v2\/pages"}],"about":[{"href":"https:\/\/anadirobtic.com\/es\/wp-json\/wp\/v2\/types\/page"}],"author":[{"embeddable":true,"href":"https:\/\/anadirobtic.com\/es\/wp-json\/wp\/v2\/users\/1"}],"replies":[{"embeddable":true,"href":"https:\/\/anadirobtic.com\/es\/wp-json\/wp\/v2\/comments?post=201"}],"version-history":[{"count":10,"href":"https:\/\/anadirobtic.com\/es\/wp-json\/wp\/v2\/pages\/201\/revisions"}],"predecessor-version":[{"id":878,"href":"https:\/\/anadirobtic.com\/es\/wp-json\/wp\/v2\/pages\/201\/revisions\/878"}],"wp:attachment":[{"href":"https:\/\/anadirobtic.com\/es\/wp-json\/wp\/v2\/media?parent=201"}],"curies":[{"name":"wp","href":"https:\/\/api.w.org\/{rel}","templated":true}]}}