{"id":218,"date":"2022-05-26T13:18:04","date_gmt":"2022-05-26T13:18:04","guid":{"rendered":"https:\/\/anadirobtic.com\/es\/resolucao-de-litigios\/"},"modified":"2024-11-28T09:35:30","modified_gmt":"2024-11-28T09:35:30","slug":"resolucion-de-litigios","status":"publish","type":"page","link":"https:\/\/anadirobtic.com\/es\/resolucion-de-litigios\/","title":{"rendered":"Resoluci\u00f3n de Litigios"},"content":{"rendered":"\t\t<div data-elementor-type=\"wp-page\" data-elementor-id=\"218\" class=\"elementor elementor-218\" data-elementor-post-type=\"page\">\n\t\t\t\t\t\t<section class=\"elementor-section elementor-top-section elementor-element elementor-element-530c5582 elementor-section-boxed elementor-section-height-default elementor-section-height-default\" data-id=\"530c5582\" data-element_type=\"section\" data-e-type=\"section\" data-settings=\"{&quot;background_background&quot;:&quot;classic&quot;}\">\n\t\t\t\t\t\t<div class=\"elementor-container elementor-column-gap-default\">\n\t\t\t\t\t<div class=\"elementor-column elementor-col-100 elementor-top-column elementor-element elementor-element-306106bd\" data-id=\"306106bd\" data-element_type=\"column\" data-e-type=\"column\">\n\t\t\t<div class=\"elementor-widget-wrap elementor-element-populated\">\n\t\t\t\t\t\t<div class=\"elementor-element elementor-element-74be5458 elementor-widget elementor-widget-heading\" data-id=\"74be5458\" data-element_type=\"widget\" data-e-type=\"widget\" data-widget_type=\"heading.default\">\n\t\t\t\t<div class=\"elementor-widget-container\">\n\t\t\t\t\t<h2 class=\"elementor-heading-title elementor-size-default\">Resoluci\u00f3n de conflictos<\/h2>\t\t\t\t<\/div>\n\t\t\t\t<\/div>\n\t\t\t\t<div class=\"elementor-element elementor-element-1138dd41 elementor-widget elementor-widget-text-editor\" data-id=\"1138dd41\" data-element_type=\"widget\" data-e-type=\"widget\" data-widget_type=\"text-editor.default\">\n\t\t\t\t<div class=\"elementor-widget-container\">\n\t\t\t\t\t\t\t\t\t<p>De acuerdo a los t\u00e9rminos y en cumplimiento de lo dispuesto en la Ley n.\u00ba 144\/2015, del 8 de septiembre, y sus modificaciones posteriores, Anadirobtic \u2013 Rob\u00f3tica, Automa\u00e7\u00e3o, Projecto e Instala\u00e7\u00f5es Lda, proporciona la informaci\u00f3n necesaria para que el cliente consumidor pueda ejercer su derecho de presentar un reclamo ante un organismo oficial, tercero e imparcial que lo ayudar\u00e1 a resolver la disputa en cuesti\u00f3n.<br \/>\u00a0La resoluci\u00f3n alternativa de conflictos es la posibilidad que tienen todos los consumidores de acudir a las entidades oficiales, con el fin de obtener ayuda en la resoluci\u00f3n u orientaci\u00f3n de cualquier conflicto, antes de interponer acciones ante los tribunales judiciales.<br \/>\u00a0En caso de litigio, el consumidor podr\u00e1 acudir a una entidad alternativa de resoluci\u00f3n de litigios en materia de consumo.<\/p>\t\t\t\t\t\t\t\t<\/div>\n\t\t\t\t<\/div>\n\t\t\t\t<div class=\"elementor-element elementor-element-69fdaab7 elementor-widget elementor-widget-text-editor\" data-id=\"69fdaab7\" data-element_type=\"widget\" data-e-type=\"widget\" data-widget_type=\"text-editor.default\">\n\t\t\t\t<div class=\"elementor-widget-container\">\n\t\t\t\t\t\t\t\t\t<p><strong>CNIACC \u2013 Centro Nacional de Informaci\u00f3n y Arbitraje de Conflictos de Consumo<\/strong><\/p>\t\t\t\t\t\t\t\t<\/div>\n\t\t\t\t<\/div>\n\t\t\t\t<div class=\"elementor-element elementor-element-688b0c8 elementor-widget elementor-widget-text-editor\" data-id=\"688b0c8\" data-element_type=\"widget\" data-e-type=\"widget\" data-widget_type=\"text-editor.default\">\n\t\t\t\t<div class=\"elementor-widget-container\">\n\t\t\t\t\t\t\t\t\t<p><u>\u00c1rea geogr\u00e1fica de cobertura<\/u>: Abarca todo el territorio nacional, en las zonas no cubiertas por otro centro de arbitraje de competencia regional.<\/p><p>Direcci\u00f3n: Rua D. Afonso Henriques, 1, 4700-030 \u2013 Braga<\/p><p>Tel\u00e9fono: 253 619 107<br \/>\u00a0Correo electr\u00f3nico: geral@cniacc.pt<br \/>\u00a0Sitio web: www.cniacc.pt<\/p>\t\t\t\t\t\t\t\t<\/div>\n\t\t\t\t<\/div>\n\t\t\t\t\t<\/div>\n\t\t<\/div>\n\t\t\t\t\t<\/div>\n\t\t<\/section>\n\t\t\t\t<section class=\"elementor-section elementor-top-section elementor-element elementor-element-7a470a5f elementor-section-boxed elementor-section-height-default elementor-section-height-default\" data-id=\"7a470a5f\" data-element_type=\"section\" data-e-type=\"section\">\n\t\t\t\t\t\t<div class=\"elementor-container elementor-column-gap-default\">\n\t\t\t\t\t<div class=\"elementor-column elementor-col-100 elementor-top-column elementor-element elementor-element-1e682c07\" data-id=\"1e682c07\" data-element_type=\"column\" data-e-type=\"column\">\n\t\t\t<div class=\"elementor-widget-wrap elementor-element-populated\">\n\t\t\t\t\t\t<div class=\"elementor-element elementor-element-6e774d29 elementor-shape-square elementor-grid-1 e-grid-align-right elementor-widget__width-auto elementor-fixed elementor-widget elementor-widget-social-icons\" data-id=\"6e774d29\" data-element_type=\"widget\" data-e-type=\"widget\" data-settings=\"{&quot;_position&quot;:&quot;fixed&quot;}\" data-widget_type=\"social-icons.default\">\n\t\t\t\t<div class=\"elementor-widget-container\">\n\t\t\t\t\t\t\t<div class=\"elementor-social-icons-wrapper elementor-grid\" role=\"list\">\n\t\t\t\t\t\t\t<span class=\"elementor-grid-item\" role=\"listitem\">\n\t\t\t\t\t<a class=\"elementor-icon elementor-social-icon elementor-social-icon-facebook elementor-repeater-item-1a3514e\" target=\"_blank\">\n\t\t\t\t\t\t<span class=\"elementor-screen-only\">Facebook<\/span>\n\t\t\t\t\t\t<i aria-hidden=\"true\" class=\"fab fa-facebook\"><\/i>\t\t\t\t\t<\/a>\n\t\t\t\t<\/span>\n\t\t\t\t\t\t\t<span class=\"elementor-grid-item\" role=\"listitem\">\n\t\t\t\t\t<a class=\"elementor-icon elementor-social-icon elementor-social-icon-instagram elementor-repeater-item-a5931ee\" target=\"_blank\">\n\t\t\t\t\t\t<span class=\"elementor-screen-only\">Instagram<\/span>\n\t\t\t\t\t\t<i aria-hidden=\"true\" class=\"fab fa-instagram\"><\/i>\t\t\t\t\t<\/a>\n\t\t\t\t<\/span>\n\t\t\t\t\t\t\t<span class=\"elementor-grid-item\" role=\"listitem\">\n\t\t\t\t\t<a class=\"elementor-icon elementor-social-icon elementor-social-icon-linkedin elementor-repeater-item-34e83d2\" target=\"_blank\">\n\t\t\t\t\t\t<span class=\"elementor-screen-only\">Linkedin<\/span>\n\t\t\t\t\t\t<i aria-hidden=\"true\" class=\"fab fa-linkedin\"><\/i>\t\t\t\t\t<\/a>\n\t\t\t\t<\/span>\n\t\t\t\t\t\t\t<span class=\"elementor-grid-item\" role=\"listitem\">\n\t\t\t\t\t<a class=\"elementor-icon elementor-social-icon elementor-social-icon-youtube elementor-repeater-item-2317412\" target=\"_blank\">\n\t\t\t\t\t\t<span class=\"elementor-screen-only\">Youtube<\/span>\n\t\t\t\t\t\t<i aria-hidden=\"true\" class=\"fab fa-youtube\"><\/i>\t\t\t\t\t<\/a>\n\t\t\t\t<\/span>\n\t\t\t\t\t<\/div>\n\t\t\t\t\t\t<\/div>\n\t\t\t\t<\/div>\n\t\t\t\t\t<\/div>\n\t\t<\/div>\n\t\t\t\t\t<\/div>\n\t\t<\/section>\n\t\t\t\t<\/div>\n\t\t","protected":false},"excerpt":{"rendered":"<p>Resoluci\u00f3n de conflictos De acuerdo a los t\u00e9rminos y en cumplimiento de lo dispuesto en la Ley n.\u00ba 144\/2015, del 8 de septiembre, y sus modificaciones posteriores, Anadirobtic \u2013 Rob\u00f3tica, Automa\u00e7\u00e3o, Projecto e Instala\u00e7\u00f5es Lda, proporciona la informaci\u00f3n necesaria para que el cliente consumidor pueda ejercer su derecho de presentar un reclamo ante un organismo [&hellip;]<\/p>\n","protected":false},"author":1,"featured_media":0,"parent":0,"menu_order":0,"comment_status":"closed","ping_status":"closed","template":"elementor_header_footer","meta":{"content-type":"","footnotes":""},"class_list":["post-218","page","type-page","status-publish","hentry"],"_links":{"self":[{"href":"https:\/\/anadirobtic.com\/es\/wp-json\/wp\/v2\/pages\/218","targetHints":{"allow":["GET"]}}],"collection":[{"href":"https:\/\/anadirobtic.com\/es\/wp-json\/wp\/v2\/pages"}],"about":[{"href":"https:\/\/anadirobtic.com\/es\/wp-json\/wp\/v2\/types\/page"}],"author":[{"embeddable":true,"href":"https:\/\/anadirobtic.com\/es\/wp-json\/wp\/v2\/users\/1"}],"replies":[{"embeddable":true,"href":"https:\/\/anadirobtic.com\/es\/wp-json\/wp\/v2\/comments?post=218"}],"version-history":[{"count":10,"href":"https:\/\/anadirobtic.com\/es\/wp-json\/wp\/v2\/pages\/218\/revisions"}],"predecessor-version":[{"id":887,"href":"https:\/\/anadirobtic.com\/es\/wp-json\/wp\/v2\/pages\/218\/revisions\/887"}],"wp:attachment":[{"href":"https:\/\/anadirobtic.com\/es\/wp-json\/wp\/v2\/media?parent=218"}],"curies":[{"name":"wp","href":"https:\/\/api.w.org\/{rel}","templated":true}]}}