{"id":221,"date":"2022-05-26T13:18:04","date_gmt":"2022-05-26T13:18:04","guid":{"rendered":"https:\/\/anadirobtic.com\/es\/politica-de-cookies\/"},"modified":"2024-11-28T09:32:43","modified_gmt":"2024-11-28T09:32:43","slug":"politica-de-cookies","status":"publish","type":"page","link":"https:\/\/anadirobtic.com\/es\/politica-de-cookies\/","title":{"rendered":"Pol\u00edtica de Cookies"},"content":{"rendered":"\t\t<div data-elementor-type=\"wp-page\" data-elementor-id=\"221\" class=\"elementor elementor-221\" data-elementor-post-type=\"page\">\n\t\t\t\t\t\t<section class=\"elementor-section elementor-top-section elementor-element elementor-element-44f8053e elementor-section-boxed elementor-section-height-default elementor-section-height-default\" data-id=\"44f8053e\" data-element_type=\"section\" data-e-type=\"section\" data-settings=\"{&quot;background_background&quot;:&quot;classic&quot;}\">\n\t\t\t\t\t\t<div class=\"elementor-container elementor-column-gap-default\">\n\t\t\t\t\t<div class=\"elementor-column elementor-col-100 elementor-top-column elementor-element elementor-element-2c621e00\" data-id=\"2c621e00\" data-element_type=\"column\" data-e-type=\"column\">\n\t\t\t<div class=\"elementor-widget-wrap elementor-element-populated\">\n\t\t\t\t\t\t<div class=\"elementor-element elementor-element-5d4efc87 elementor-widget elementor-widget-heading\" data-id=\"5d4efc87\" data-element_type=\"widget\" data-e-type=\"widget\" data-widget_type=\"heading.default\">\n\t\t\t\t<div class=\"elementor-widget-container\">\n\t\t\t\t\t<h2 class=\"elementor-heading-title elementor-size-default\">Pol\u00edtica de Cookies<\/h2>\t\t\t\t<\/div>\n\t\t\t\t<\/div>\n\t\t\t\t<div class=\"elementor-element elementor-element-7f646c72 elementor-widget elementor-widget-text-editor\" data-id=\"7f646c72\" data-element_type=\"widget\" data-e-type=\"widget\" data-widget_type=\"text-editor.default\">\n\t\t\t\t<div class=\"elementor-widget-container\">\n\t\t\t\t\t\t\t\t\t<p>Este sitio utiliza <em>cookies<\/em>\u00a0para permitirle una mejor experiencia de usuario.<\/p><p>Si contin\u00faa navegando, est\u00e1 dando su consentimiento para la aceptaci\u00f3n de estas <em>cookies<\/em>\u00a0y de nuestra<em> Pol\u00edtica de cookies<\/em>.<\/p>\t\t\t\t\t\t\t\t<\/div>\n\t\t\t\t<\/div>\n\t\t\t\t<div class=\"elementor-element elementor-element-37b322a4 elementor-widget elementor-widget-text-editor\" data-id=\"37b322a4\" data-element_type=\"widget\" data-e-type=\"widget\" data-widget_type=\"text-editor.default\">\n\t\t\t\t<div class=\"elementor-widget-container\">\n\t\t\t\t\t\t\t\t\t<p><strong>\u00bfQU\u00c9 SON LAS <em>COOKIES<\/em>?<\/strong><\/p><p><strong>\u00a0<\/strong><\/p>\t\t\t\t\t\t\t\t<\/div>\n\t\t\t\t<\/div>\n\t\t\t\t<div class=\"elementor-element elementor-element-37c82d51 elementor-widget elementor-widget-text-editor\" data-id=\"37c82d51\" data-element_type=\"widget\" data-e-type=\"widget\" data-widget_type=\"text-editor.default\">\n\t\t\t\t<div class=\"elementor-widget-container\">\n\t\t\t\t\t\t\t\t\t<p>Las <em>cookies<\/em> son peque\u00f1os archivos de texto grabados en su equipo, cuando accede a los sitios web, que permiten almacenar un conjunto de informaci\u00f3n relacionada con el usuario, en los cuales algunos se utilizan para reconocer al usuario en futuras visitas al sitio web, y otros se utilizan para garantizar las funciones disponibles y mejorar el rendimiento y la experiencia del usuario en el sitio.<\/p><p>El tipo de informaci\u00f3n que se puede analizar utilizando <em>cookies<\/em>\u00a0es: nombre de usuario, direcci\u00f3n de correo electr\u00f3nico y contrase\u00f1a, la direcci\u00f3n del protocolo de Internet (IP) que se utiliza para conectarse a Internet, el tipo y la versi\u00f3n del navegador, el sistema operativo y la plataforma utilizada para la conexi\u00f3n, las direcciones<em> web<\/em> (URLs), desde las cuales a trav\u00e9s de las cuales ha accedido y salido de nuestros servicios<em> online<\/em>, la fecha y hora de dicha actividad, entre otros.<\/p>\t\t\t\t\t\t\t\t<\/div>\n\t\t\t\t<\/div>\n\t\t\t\t<div class=\"elementor-element elementor-element-55acab7e elementor-widget elementor-widget-text-editor\" data-id=\"55acab7e\" data-element_type=\"widget\" data-e-type=\"widget\" data-widget_type=\"text-editor.default\">\n\t\t\t\t<div class=\"elementor-widget-container\">\n\t\t\t\t\t\t\t\t\t<p><strong>\u00bfPROP\u00d3SITO DE LAS COOKIES?<\/strong><\/p><p><strong>\u00a0<\/strong><\/p>\t\t\t\t\t\t\t\t<\/div>\n\t\t\t\t<\/div>\n\t\t\t\t<div class=\"elementor-element elementor-element-39c69c8b elementor-widget elementor-widget-text-editor\" data-id=\"39c69c8b\" data-element_type=\"widget\" data-e-type=\"widget\" data-widget_type=\"text-editor.default\">\n\t\t\t\t<div class=\"elementor-widget-container\">\n\t\t\t\t\t\t\t\t\t<p>El uso de<em> cookies<\/em> optimiza la navegaci\u00f3n del usuario, y permite que los datos almacenados mejoren su experiencia en el sitio web, aumentando tambi\u00e9n la eficiencia de respuesta de la direcci\u00f3n<em> web<\/em>. Por lo tanto, le permiten eliminar algunas acciones repetitivas en el sitio, as\u00ed como ayudar en la presentaci\u00f3n de informaci\u00f3n para satisfacer sus intereses.<\/p>\t\t\t\t\t\t\t\t<\/div>\n\t\t\t\t<\/div>\n\t\t\t\t<div class=\"elementor-element elementor-element-3582cca4 elementor-widget elementor-widget-text-editor\" data-id=\"3582cca4\" data-element_type=\"widget\" data-e-type=\"widget\" data-widget_type=\"text-editor.default\">\n\t\t\t\t<div class=\"elementor-widget-container\">\n\t\t\t\t\t\t\t\t\t<p><strong>TIPOS DE<\/strong><em><strong> COOKIES UTILIZADAS<\/strong><\/em><\/p><p><strong>\u00a0<\/strong><\/p>\t\t\t\t\t\t\t\t<\/div>\n\t\t\t\t<\/div>\n\t\t\t\t<div class=\"elementor-element elementor-element-169a62c9 elementor-widget elementor-widget-text-editor\" data-id=\"169a62c9\" data-element_type=\"widget\" data-e-type=\"widget\" data-widget_type=\"text-editor.default\">\n\t\t\t\t<div class=\"elementor-widget-container\">\n\t\t\t\t\t\t\t\t\t<p>Las<em> cookies<\/em> se segmentan seg\u00fan su finalidad y fecha de vencimiento.<\/p><p>Las <em>cookies<\/em> esenciales son elementos fundamentales del acceso a determinadas \u00e1reas del sitio web, tales como el acceso a \u00e1reas seguras del sitio web, a trav\u00e9s de <em>login<\/em>\u00a0y <em>password<\/em>. Desactivando las <em>cookies<\/em>, los mismos servicios no podr\u00e1n consultarse.<\/p><p>Las <em>cookies<\/em> de funcionalidad memorizan las preferencias de navegaci\u00f3n del usuario.<\/p><p>Las <em>cookies<\/em> anal\u00edticas permiten memorizar la forma en que se navega por un determinado sitio web, con el fin de presentar productos o servicios que satisfagan al usuario, mediante la monitorizaci\u00f3n del sitio web, como por ejemplo, las que guardan las p\u00e1ginas m\u00e1s visitadas, los tiempo en cada p\u00e1gina, productos o servicios buscados, etc. Estas <em>cookies<\/em>\u00a0almacenan informaci\u00f3n estad\u00edstica.<\/p>\t\t\t\t\t\t\t\t<\/div>\n\t\t\t\t<\/div>\n\t\t\t\t\t<\/div>\n\t\t<\/div>\n\t\t\t\t\t<\/div>\n\t\t<\/section>\n\t\t\t\t<section class=\"elementor-section elementor-top-section elementor-element elementor-element-4939076e elementor-section-boxed elementor-section-height-default elementor-section-height-default\" data-id=\"4939076e\" data-element_type=\"section\" data-e-type=\"section\">\n\t\t\t\t\t\t<div class=\"elementor-container elementor-column-gap-default\">\n\t\t\t\t\t<div class=\"elementor-column elementor-col-100 elementor-top-column elementor-element elementor-element-3cdca255\" data-id=\"3cdca255\" data-element_type=\"column\" data-e-type=\"column\">\n\t\t\t<div class=\"elementor-widget-wrap elementor-element-populated\">\n\t\t\t\t\t\t<div class=\"elementor-element elementor-element-2de34785 elementor-shape-square elementor-grid-1 e-grid-align-right elementor-widget__width-auto elementor-fixed elementor-widget elementor-widget-social-icons\" data-id=\"2de34785\" data-element_type=\"widget\" data-e-type=\"widget\" data-settings=\"{&quot;_position&quot;:&quot;fixed&quot;}\" data-widget_type=\"social-icons.default\">\n\t\t\t\t<div class=\"elementor-widget-container\">\n\t\t\t\t\t\t\t<div class=\"elementor-social-icons-wrapper elementor-grid\" role=\"list\">\n\t\t\t\t\t\t\t<span class=\"elementor-grid-item\" role=\"listitem\">\n\t\t\t\t\t<a class=\"elementor-icon elementor-social-icon elementor-social-icon-facebook elementor-repeater-item-1a3514e\" target=\"_blank\">\n\t\t\t\t\t\t<span class=\"elementor-screen-only\">Facebook<\/span>\n\t\t\t\t\t\t<i aria-hidden=\"true\" class=\"fab fa-facebook\"><\/i>\t\t\t\t\t<\/a>\n\t\t\t\t<\/span>\n\t\t\t\t\t\t\t<span class=\"elementor-grid-item\" role=\"listitem\">\n\t\t\t\t\t<a class=\"elementor-icon elementor-social-icon elementor-social-icon-instagram elementor-repeater-item-a5931ee\" target=\"_blank\">\n\t\t\t\t\t\t<span class=\"elementor-screen-only\">Instagram<\/span>\n\t\t\t\t\t\t<i aria-hidden=\"true\" class=\"fab fa-instagram\"><\/i>\t\t\t\t\t<\/a>\n\t\t\t\t<\/span>\n\t\t\t\t\t\t\t<span class=\"elementor-grid-item\" role=\"listitem\">\n\t\t\t\t\t<a class=\"elementor-icon elementor-social-icon elementor-social-icon-linkedin elementor-repeater-item-34e83d2\" target=\"_blank\">\n\t\t\t\t\t\t<span class=\"elementor-screen-only\">Linkedin<\/span>\n\t\t\t\t\t\t<i aria-hidden=\"true\" class=\"fab fa-linkedin\"><\/i>\t\t\t\t\t<\/a>\n\t\t\t\t<\/span>\n\t\t\t\t\t\t\t<span class=\"elementor-grid-item\" role=\"listitem\">\n\t\t\t\t\t<a class=\"elementor-icon elementor-social-icon elementor-social-icon-youtube elementor-repeater-item-2317412\" target=\"_blank\">\n\t\t\t\t\t\t<span class=\"elementor-screen-only\">Youtube<\/span>\n\t\t\t\t\t\t<i aria-hidden=\"true\" class=\"fab fa-youtube\"><\/i>\t\t\t\t\t<\/a>\n\t\t\t\t<\/span>\n\t\t\t\t\t<\/div>\n\t\t\t\t\t\t<\/div>\n\t\t\t\t<\/div>\n\t\t\t\t\t<\/div>\n\t\t<\/div>\n\t\t\t\t\t<\/div>\n\t\t<\/section>\n\t\t\t\t<\/div>\n\t\t","protected":false},"excerpt":{"rendered":"<p>Pol\u00edtica de Cookies Este sitio utiliza cookies\u00a0para permitirle una mejor experiencia de usuario. Si contin\u00faa navegando, est\u00e1 dando su consentimiento para la aceptaci\u00f3n de estas cookies\u00a0y de nuestra Pol\u00edtica de cookies. \u00bfQU\u00c9 SON LAS COOKIES? \u00a0 Las cookies son peque\u00f1os archivos de texto grabados en su equipo, cuando accede a los sitios web, que permiten [&hellip;]<\/p>\n","protected":false},"author":1,"featured_media":0,"parent":0,"menu_order":0,"comment_status":"closed","ping_status":"closed","template":"elementor_header_footer","meta":{"content-type":"","footnotes":""},"class_list":["post-221","page","type-page","status-publish","hentry"],"_links":{"self":[{"href":"https:\/\/anadirobtic.com\/es\/wp-json\/wp\/v2\/pages\/221","targetHints":{"allow":["GET"]}}],"collection":[{"href":"https:\/\/anadirobtic.com\/es\/wp-json\/wp\/v2\/pages"}],"about":[{"href":"https:\/\/anadirobtic.com\/es\/wp-json\/wp\/v2\/types\/page"}],"author":[{"embeddable":true,"href":"https:\/\/anadirobtic.com\/es\/wp-json\/wp\/v2\/users\/1"}],"replies":[{"embeddable":true,"href":"https:\/\/anadirobtic.com\/es\/wp-json\/wp\/v2\/comments?post=221"}],"version-history":[{"count":9,"href":"https:\/\/anadirobtic.com\/es\/wp-json\/wp\/v2\/pages\/221\/revisions"}],"predecessor-version":[{"id":875,"href":"https:\/\/anadirobtic.com\/es\/wp-json\/wp\/v2\/pages\/221\/revisions\/875"}],"wp:attachment":[{"href":"https:\/\/anadirobtic.com\/es\/wp-json\/wp\/v2\/media?parent=221"}],"curies":[{"name":"wp","href":"https:\/\/api.w.org\/{rel}","templated":true}]}}